{"id":34,"date":"2020-10-11T10:07:28","date_gmt":"2020-10-11T10:07:28","guid":{"rendered":"http:\/\/businessprinzip.de\/?page_id=34"},"modified":"2024-03-19T17:59:01","modified_gmt":"2024-03-19T16:59:01","slug":"login","status":"publish","type":"page","link":"https:\/\/businessprinzip.de\/en\/","title":{"rendered":"Login"},"content":{"rendered":"<div data-elementor-type=\"wp-page\" data-elementor-id=\"34\" class=\"elementor elementor-34\" data-elementor-post-type=\"page\">\n\t\t\t\t\t\t<section class=\"elementor-section elementor-top-section elementor-element elementor-element-b90de56 elementor-section-boxed elementor-section-height-default elementor-section-height-default\" data-id=\"b90de56\" data-element_type=\"section\" data-e-type=\"section\">\n\t\t\t\t\t\t<div class=\"elementor-container elementor-column-gap-default\">\n\t\t\t\t\t<div class=\"elementor-column elementor-col-25 elementor-top-column elementor-element elementor-element-c7d6c6b\" data-id=\"c7d6c6b\" data-element_type=\"column\" data-e-type=\"column\">\n\t\t\t<div class=\"elementor-widget-wrap elementor-element-populated\">\n\t\t\t\t\t\t<div class=\"elementor-element elementor-element-8bc8897 elementor-widget elementor-widget-image\" data-id=\"8bc8897\" data-element_type=\"widget\" data-e-type=\"widget\" data-widget_type=\"image.default\">\n\t\t\t\t<div class=\"elementor-widget-container\">\n\t\t\t\t\t\t\t\t\t\t\t\t\t\t\t<img fetchpriority=\"high\" decoding=\"async\" width=\"1000\" height=\"561\" src=\"https:\/\/businessprinzip.de\/wp-content\/uploads\/2024\/03\/produkt-maximumprinzip.webp\" class=\"attachment-large size-large wp-image-8027\" alt=\"\" srcset=\"https:\/\/businessprinzip.de\/wp-content\/uploads\/2024\/03\/produkt-maximumprinzip.webp 1000w, https:\/\/businessprinzip.de\/wp-content\/uploads\/2024\/03\/produkt-maximumprinzip-300x168.webp 300w, https:\/\/businessprinzip.de\/wp-content\/uploads\/2024\/03\/produkt-maximumprinzip-768x431.webp 768w, https:\/\/businessprinzip.de\/wp-content\/uploads\/2024\/03\/produkt-maximumprinzip-18x10.webp 18w\" sizes=\"(max-width: 1000px) 100vw, 1000px\" \/>\t\t\t\t\t\t\t\t\t\t\t\t\t\t\t<\/div>\n\t\t\t\t<\/div>\n\t\t\t\t\t<\/div>\n\t\t<\/div>\n\t\t\t\t<div class=\"elementor-column elementor-col-25 elementor-top-column elementor-element elementor-element-ee93828\" data-id=\"ee93828\" data-element_type=\"column\" data-e-type=\"column\">\n\t\t\t<div class=\"elementor-widget-wrap elementor-element-populated\">\n\t\t\t\t\t\t<div class=\"elementor-element elementor-element-0bd00f3 elementor-widget elementor-widget-image\" data-id=\"0bd00f3\" data-element_type=\"widget\" data-e-type=\"widget\" data-widget_type=\"image.default\">\n\t\t\t\t<div class=\"elementor-widget-container\">\n\t\t\t\t\t\t\t\t\t\t\t\t\t\t\t<img decoding=\"async\" width=\"823\" height=\"449\" src=\"https:\/\/businessprinzip.de\/wp-content\/uploads\/2024\/03\/produkt-matrixprinzip.webp\" class=\"attachment-large size-large wp-image-8024\" alt=\"\" srcset=\"https:\/\/businessprinzip.de\/wp-content\/uploads\/2024\/03\/produkt-matrixprinzip.webp 823w, https:\/\/businessprinzip.de\/wp-content\/uploads\/2024\/03\/produkt-matrixprinzip-300x164.webp 300w, https:\/\/businessprinzip.de\/wp-content\/uploads\/2024\/03\/produkt-matrixprinzip-768x419.webp 768w, https:\/\/businessprinzip.de\/wp-content\/uploads\/2024\/03\/produkt-matrixprinzip-18x10.webp 18w\" sizes=\"(max-width: 823px) 100vw, 823px\" \/>\t\t\t\t\t\t\t\t\t\t\t\t\t\t\t<\/div>\n\t\t\t\t<\/div>\n\t\t\t\t\t<\/div>\n\t\t<\/div>\n\t\t\t\t<div class=\"elementor-column elementor-col-25 elementor-top-column elementor-element elementor-element-be43ff6\" data-id=\"be43ff6\" data-element_type=\"column\" data-e-type=\"column\">\n\t\t\t<div class=\"elementor-widget-wrap elementor-element-populated\">\n\t\t\t\t\t\t<div class=\"elementor-element elementor-element-3dd95ef elementor-widget elementor-widget-image\" data-id=\"3dd95ef\" data-element_type=\"widget\" data-e-type=\"widget\" data-widget_type=\"image.default\">\n\t\t\t\t<div class=\"elementor-widget-container\">\n\t\t\t\t\t\t\t\t\t\t\t\t\t\t\t<img decoding=\"async\" width=\"1000\" height=\"417\" src=\"https:\/\/businessprinzip.de\/wp-content\/uploads\/2024\/03\/produkt-matrixprinzip2.webp\" class=\"attachment-large size-large wp-image-8026\" alt=\"\" srcset=\"https:\/\/businessprinzip.de\/wp-content\/uploads\/2024\/03\/produkt-matrixprinzip2.webp 1000w, https:\/\/businessprinzip.de\/wp-content\/uploads\/2024\/03\/produkt-matrixprinzip2-300x125.webp 300w, https:\/\/businessprinzip.de\/wp-content\/uploads\/2024\/03\/produkt-matrixprinzip2-768x320.webp 768w, https:\/\/businessprinzip.de\/wp-content\/uploads\/2024\/03\/produkt-matrixprinzip2-18x8.webp 18w\" sizes=\"(max-width: 1000px) 100vw, 1000px\" \/>\t\t\t\t\t\t\t\t\t\t\t\t\t\t\t<\/div>\n\t\t\t\t<\/div>\n\t\t\t\t\t<\/div>\n\t\t<\/div>\n\t\t\t\t<div class=\"elementor-column elementor-col-25 elementor-top-column elementor-element elementor-element-10e4c88\" data-id=\"10e4c88\" data-element_type=\"column\" data-e-type=\"column\">\n\t\t\t<div class=\"elementor-widget-wrap elementor-element-populated\">\n\t\t\t\t\t\t<div class=\"elementor-element elementor-element-9cc1046 elementor-widget elementor-widget-image\" data-id=\"9cc1046\" data-element_type=\"widget\" data-e-type=\"widget\" data-widget_type=\"image.default\">\n\t\t\t\t<div class=\"elementor-widget-container\">\n\t\t\t\t\t\t\t\t\t\t\t\t\t\t\t<img loading=\"lazy\" decoding=\"async\" width=\"1000\" height=\"417\" src=\"https:\/\/businessprinzip.de\/wp-content\/uploads\/2024\/03\/produkt-businessprinzip.webp\" class=\"attachment-large size-large wp-image-8025\" alt=\"\" srcset=\"https:\/\/businessprinzip.de\/wp-content\/uploads\/2024\/03\/produkt-businessprinzip.webp 1000w, https:\/\/businessprinzip.de\/wp-content\/uploads\/2024\/03\/produkt-businessprinzip-300x125.webp 300w, https:\/\/businessprinzip.de\/wp-content\/uploads\/2024\/03\/produkt-businessprinzip-768x320.webp 768w, https:\/\/businessprinzip.de\/wp-content\/uploads\/2024\/03\/produkt-businessprinzip-18x8.webp 18w\" sizes=\"(max-width: 1000px) 100vw, 1000px\" \/>\t\t\t\t\t\t\t\t\t\t\t\t\t\t\t<\/div>\n\t\t\t\t<\/div>\n\t\t\t\t\t<\/div>\n\t\t<\/div>\n\t\t\t\t\t<\/div>\n\t\t<\/section>\n\t\t\t\t<section class=\"elementor-section elementor-top-section elementor-element elementor-element-69264e4 elementor-section-boxed elementor-section-height-default elementor-section-height-default\" data-id=\"69264e4\" data-element_type=\"section\" data-e-type=\"section\">\n\t\t\t\t\t\t<div class=\"elementor-container elementor-column-gap-default\">\n\t\t\t\t\t<div class=\"elementor-column elementor-col-100 elementor-top-column elementor-element elementor-element-274f6f6\" data-id=\"274f6f6\" data-element_type=\"column\" data-e-type=\"column\">\n\t\t\t<div class=\"elementor-widget-wrap elementor-element-populated\">\n\t\t\t\t\t\t<section class=\"elementor-section elementor-inner-section elementor-element elementor-element-d78c9fe elementor-section-boxed elementor-section-height-default elementor-section-height-default\" data-id=\"d78c9fe\" data-element_type=\"section\" data-e-type=\"section\" data-settings=\"{&quot;background_background&quot;:&quot;classic&quot;}\">\n\t\t\t\t\t\t<div class=\"elementor-container elementor-column-gap-default\">\n\t\t\t\t\t<div class=\"elementor-column elementor-col-100 elementor-inner-column elementor-element elementor-element-980bdb0\" data-id=\"980bdb0\" data-element_type=\"column\" data-e-type=\"column\">\n\t\t\t<div class=\"elementor-widget-wrap elementor-element-populated\">\n\t\t\t\t\t\t<div class=\"elementor-element elementor-element-eadc84a elementor-widget elementor-widget-heading\" data-id=\"eadc84a\" data-element_type=\"widget\" data-e-type=\"widget\" data-widget_type=\"heading.default\">\n\t\t\t\t<div class=\"elementor-widget-container\">\n\t\t\t\t\t<h3 class=\"elementor-heading-title elementor-size-default\">\u00dcber diesen Login kannst du dich f\u00fcr alle Programme von Coach Cecil einloggen:<\/h3>\t\t\t\t<\/div>\n\t\t\t\t<\/div>\n\t\t\t\t<div class=\"elementor-element elementor-element-fee2bd3 elementor-widget elementor-widget-text-editor\" data-id=\"fee2bd3\" data-element_type=\"widget\" data-e-type=\"widget\" data-widget_type=\"text-editor.default\">\n\t\t\t\t<div class=\"elementor-widget-container\">\n\t\t\t\t\t\t\t\t\t<p>Logge dich jetzt mit deinen pers\u00f6nlichen Zugangsdaten in den Mitgliederbereich ein. Diese findest du in deinem E-Mail-Postfach.<\/p>\t\t\t\t\t\t\t\t<\/div>\n\t\t\t\t<\/div>\n\t\t\t\t<div class=\"elementor-element elementor-element-e632fef elementor-button-align-stretch elementor-widget elementor-widget-login\" data-id=\"e632fef\" data-element_type=\"widget\" data-e-type=\"widget\" data-widget_type=\"login.default\">\n\t\t\t\t<div class=\"elementor-widget-container\">\n\t\t\t\t\t\t\t<form class=\"elementor-login elementor-form\" method=\"post\" action=\"https:\/\/businessprinzip.de\/wp-login.php\" aria-label=\"Login form\">\n\t\t\t<input type=\"hidden\" name=\"redirect_to\" value=\"https:\/\/businessprinzip.de\/mitgliederbereich\/\">\n\t\t\t<div class=\"elementor-form-fields-wrapper\">\n\t\t\t\t<div class=\"elementor-field-type-text elementor-field-group elementor-column elementor-col-100 elementor-field-required\">\n\t\t\t\t\t<label for=\"user-e632fef\" class=\"elementor-field-label elementor-screen-only\"><\/label>\n\t\t\t\t\t<input size=\"1\" type=\"text\" name=\"log\" id=\"user-e632fef\" placeholder=\"E-Mail-Adresse\" class=\"elementor-field elementor-field-textual elementor-size-sm\">\n\t\t\t\t<\/div>\n\t\t\t\t<div class=\"elementor-field-type-text elementor-field-group elementor-column elementor-col-100 elementor-field-required\">\n\t\t\t\t\t<label for=\"password-e632fef\" class=\"elementor-field-label elementor-screen-only\"><\/label>\n\t\t\t\t\t<input size=\"1\" type=\"password\" name=\"pwd\" id=\"password-e632fef\" placeholder=\"Passwort\" class=\"elementor-field elementor-field-textual elementor-size-sm\">\n\t\t\t\t<\/div>\n\n\t\t\t\t\t\t\t\t\t<div class=\"elementor-field-type-checkbox elementor-field-group elementor-column elementor-col-100 elementor-remember-me\">\n\t\t\t\t\t\t<label for=\"elementor-login-remember-me\">\n\t\t\t\t\t\t\t<input type=\"checkbox\" id=\"elementor-login-remember-me\" name=\"rememberme\" value=\"forever\">\n\t\t\t\t\t\t\tRemember Me\t\t\t\t\t\t<\/label>\n\t\t\t\t\t<\/div>\n\t\t\t\t\n\t\t\t\t<div class=\"elementor-field-group elementor-column elementor-field-type-submit elementor-col-100\">\n\t\t\t\t\t<button type=\"submit\" class=\"elementor-size-sm elementor-animation-grow elementor-button\" name=\"wp-submit\">\n\t\t\t\t\t\t\t\t\t\t\t\t\t\t\t<span class=\"elementor-button-text\">Anmelden<\/span>\n\t\t\t\t\t\t\t\t\t\t\t\t<\/button>\n\t\t\t\t<\/div>\n\n\t\t\t\t\t\t\t\t\t<div class=\"elementor-field-group elementor-column elementor-col-100\">\n\t\t\t\t\t\t\t\t\t\t\t\t\t\t\t\t\t\t\t\t<a class=\"elementor-lost-password\" href=\"https:\/\/businessprinzip.de\/wp-login.php?action=lostpassword&redirect_to=https%3A%2F%2Fbusinessprinzip.de%2Fmitgliederbereich%2F\">\n\t\t\t\t\t\t\t\tLost your password?\t\t\t\t\t\t\t<\/a>\n\t\t\t\t\t\t\n\t\t\t\t\t\t\t\t\t\t\t<\/div>\n\t\t\t\t\t\t\t<\/div>\n\t\t<\/form>\n\t\t\t\t\t\t<\/div>\n\t\t\t\t<\/div>\n\t\t\t\t<div class=\"elementor-element elementor-element-d7e1401 elementor-widget elementor-widget-heading\" data-id=\"d7e1401\" data-element_type=\"widget\" data-e-type=\"widget\" data-widget_type=\"heading.default\">\n\t\t\t\t<div class=\"elementor-widget-container\">\n\t\t\t\t\t<p class=\"elementor-heading-title elementor-size-default\"><a href=\"https:\/\/businessprinzip.de\/en\/mitgliederbereich\/\">Du bist bereits eingeloggt? Hier geht's weiter zum Mitgliederbereich!<\/a><\/p>\t\t\t\t<\/div>\n\t\t\t\t<\/div>\n\t\t\t\t\t<\/div>\n\t\t<\/div>\n\t\t\t\t\t<\/div>\n\t\t<\/section>\n\t\t\t\t<div class=\"elementor-element elementor-element-2179dbc elementor-widget elementor-widget-spacer\" data-id=\"2179dbc\" data-element_type=\"widget\" data-e-type=\"widget\" data-widget_type=\"spacer.default\">\n\t\t\t\t<div class=\"elementor-widget-container\">\n\t\t\t\t\t\t\t<div class=\"elementor-spacer\">\n\t\t\t<div class=\"elementor-spacer-inner\"><\/div>\n\t\t<\/div>\n\t\t\t\t\t\t<\/div>\n\t\t\t\t<\/div>\n\t\t\t\t\t<\/div>\n\t\t<\/div>\n\t\t\t\t\t<\/div>\n\t\t<\/section>\n\t\t\t\t<\/div>","protected":false},"excerpt":{"rendered":"<p>\u00dcber diesen Login kannst du dich f\u00fcr alle Programme von Coach Cecil einloggen: Logge dich jetzt mit deinen pers\u00f6nlichen Zugangsdaten in den Mitgliederbereich ein. Diese findest du in deinem E-Mail-Postfach. Du bist bereits eingeloggt? Hier geht&#8217;s weiter zum Mitgliederbereich!<\/p>","protected":false},"author":1,"featured_media":0,"parent":0,"menu_order":0,"comment_status":"closed","ping_status":"closed","template":"","meta":{"site-sidebar-layout":"no-sidebar","site-content-layout":"page-builder","ast-site-content-layout":"default","site-content-style":"default","site-sidebar-style":"default","ast-global-header-display":"","ast-banner-title-visibility":"","ast-main-header-display":"disabled","ast-hfb-above-header-display":"","ast-hfb-below-header-display":"","ast-hfb-mobile-header-display":"","site-post-title":"disabled","ast-breadcrumbs-content":"","ast-featured-img":"disabled","footer-sml-layout":"","ast-disable-related-posts":"","theme-transparent-header-meta":"default","adv-header-id-meta":"","stick-header-meta":"default","header-above-stick-meta":"","header-main-stick-meta":"","header-below-stick-meta":"","astra-migrate-meta-layouts":"default","ast-page-background-enabled":"default","ast-page-background-meta":{"desktop":{"background-color":"","background-image":"","background-repeat":"repeat","background-position":"center center","background-size":"auto","background-attachment":"scroll","background-type":"","background-media":"","overlay-type":"","overlay-color":"","overlay-opacity":"","overlay-gradient":""},"tablet":{"background-color":"","background-image":"","background-repeat":"repeat","background-position":"center center","background-size":"auto","background-attachment":"scroll","background-type":"","background-media":"","overlay-type":"","overlay-color":"","overlay-opacity":"","overlay-gradient":""},"mobile":{"background-color":"","background-image":"","background-repeat":"repeat","background-position":"center center","background-size":"auto","background-attachment":"scroll","background-type":"","background-media":"","overlay-type":"","overlay-color":"","overlay-opacity":"","overlay-gradient":""}},"ast-content-background-meta":{"desktop":{"background-color":"var(--ast-global-color-5)","background-image":"","background-repeat":"repeat","background-position":"center center","background-size":"auto","background-attachment":"scroll","background-type":"","background-media":"","overlay-type":"","overlay-color":"","overlay-opacity":"","overlay-gradient":""},"tablet":{"background-color":"var(--ast-global-color-5)","background-image":"","background-repeat":"repeat","background-position":"center center","background-size":"auto","background-attachment":"scroll","background-type":"","background-media":"","overlay-type":"","overlay-color":"","overlay-opacity":"","overlay-gradient":""},"mobile":{"background-color":"var(--ast-global-color-5)","background-image":"","background-repeat":"repeat","background-position":"center center","background-size":"auto","background-attachment":"scroll","background-type":"","background-media":"","overlay-type":"","overlay-color":"","overlay-opacity":"","overlay-gradient":""}},"footnotes":""},"folder":[22],"class_list":["post-34","page","type-page","status-publish","hentry"],"yoast_head":"<!-- This site is optimized with the Yoast SEO plugin v26.9 - https:\/\/yoast.com\/product\/yoast-seo-wordpress\/ -->\n<title>Login<\/title>\n<meta name=\"robots\" content=\"index, follow, max-snippet:-1, max-image-preview:large, max-video-preview:-1\" \/>\n<link rel=\"canonical\" href=\"https:\/\/businessprinzip.de\/en\/\" \/>\n<meta property=\"og:locale\" content=\"en_US\" \/>\n<meta property=\"og:type\" content=\"article\" \/>\n<meta property=\"og:title\" content=\"Login\" \/>\n<meta property=\"og:description\" content=\"\u00dcber diesen Login kannst du dich f\u00fcr alle Programme von Coach Cecil einloggen: Logge dich jetzt mit deinen pers\u00f6nlichen Zugangsdaten in den Mitgliederbereich ein. Diese findest du in deinem E-Mail-Postfach. Du bist bereits eingeloggt? Hier geht&#8217;s weiter zum Mitgliederbereich!\" \/>\n<meta property=\"og:url\" content=\"https:\/\/businessprinzip.de\/en\/\" \/>\n<meta property=\"og:site_name\" content=\"BUSINESSPRINZIP\" \/>\n<meta property=\"article:modified_time\" content=\"2024-03-19T16:59:01+00:00\" \/>\n<meta property=\"og:image\" content=\"https:\/\/businessprinzip.de\/wp-content\/uploads\/2024\/03\/produkt-maximumprinzip.webp\" \/>\n<meta name=\"twitter:card\" content=\"summary_large_image\" \/>\n<meta name=\"twitter:label1\" content=\"Est. reading time\" \/>\n\t<meta name=\"twitter:data1\" content=\"2 minutes\" \/>\n<script type=\"application\/ld+json\" class=\"yoast-schema-graph\">{\"@context\":\"https:\/\/schema.org\",\"@graph\":[{\"@type\":\"WebPage\",\"@id\":\"https:\/\/businessprinzip.de\/\",\"url\":\"https:\/\/businessprinzip.de\/\",\"name\":\"Login\",\"isPartOf\":{\"@id\":\"https:\/\/businessprinzip.de\/#website\"},\"primaryImageOfPage\":{\"@id\":\"https:\/\/businessprinzip.de\/#primaryimage\"},\"image\":{\"@id\":\"https:\/\/businessprinzip.de\/#primaryimage\"},\"thumbnailUrl\":\"https:\/\/businessprinzip.de\/wp-content\/uploads\/2024\/03\/produkt-maximumprinzip.webp\",\"datePublished\":\"2020-10-11T10:07:28+00:00\",\"dateModified\":\"2024-03-19T16:59:01+00:00\",\"breadcrumb\":{\"@id\":\"https:\/\/businessprinzip.de\/#breadcrumb\"},\"inLanguage\":\"en-US\",\"potentialAction\":[{\"@type\":\"ReadAction\",\"target\":[\"https:\/\/businessprinzip.de\/\"]}]},{\"@type\":\"ImageObject\",\"inLanguage\":\"en-US\",\"@id\":\"https:\/\/businessprinzip.de\/#primaryimage\",\"url\":\"https:\/\/businessprinzip.de\/wp-content\/uploads\/2024\/03\/produkt-maximumprinzip.webp\",\"contentUrl\":\"https:\/\/businessprinzip.de\/wp-content\/uploads\/2024\/03\/produkt-maximumprinzip.webp\"},{\"@type\":\"BreadcrumbList\",\"@id\":\"https:\/\/businessprinzip.de\/#breadcrumb\",\"itemListElement\":[{\"@type\":\"ListItem\",\"position\":1,\"name\":\"Home\",\"item\":\"https:\/\/businessprinzip.de\/\"},{\"@type\":\"ListItem\",\"position\":2,\"name\":\"Login\"}]},{\"@type\":\"WebSite\",\"@id\":\"https:\/\/businessprinzip.de\/#website\",\"url\":\"https:\/\/businessprinzip.de\/\",\"name\":\"BUSINESSPRINZIP\",\"description\":\"by Coach Cecil\",\"potentialAction\":[{\"@type\":\"SearchAction\",\"target\":{\"@type\":\"EntryPoint\",\"urlTemplate\":\"https:\/\/businessprinzip.de\/?s={search_term_string}\"},\"query-input\":{\"@type\":\"PropertyValueSpecification\",\"valueRequired\":true,\"valueName\":\"search_term_string\"}}],\"inLanguage\":\"en-US\"}]}<\/script>\n<!-- \/ Yoast SEO plugin. -->","yoast_head_json":{"title":"Login","robots":{"index":"index","follow":"follow","max-snippet":"max-snippet:-1","max-image-preview":"max-image-preview:large","max-video-preview":"max-video-preview:-1"},"canonical":"https:\/\/businessprinzip.de\/en\/","og_locale":"en_US","og_type":"article","og_title":"Login","og_description":"\u00dcber diesen Login kannst du dich f\u00fcr alle Programme von Coach Cecil einloggen: Logge dich jetzt mit deinen pers\u00f6nlichen Zugangsdaten in den Mitgliederbereich ein. Diese findest du in deinem E-Mail-Postfach. Du bist bereits eingeloggt? Hier geht&#8217;s weiter zum Mitgliederbereich!","og_url":"https:\/\/businessprinzip.de\/en\/","og_site_name":"BUSINESSPRINZIP","article_modified_time":"2024-03-19T16:59:01+00:00","og_image":[{"url":"https:\/\/businessprinzip.de\/wp-content\/uploads\/2024\/03\/produkt-maximumprinzip.webp","type":"","width":"","height":""}],"twitter_card":"summary_large_image","twitter_misc":{"Est. reading time":"2 minutes"},"schema":{"@context":"https:\/\/schema.org","@graph":[{"@type":"WebPage","@id":"https:\/\/businessprinzip.de\/","url":"https:\/\/businessprinzip.de\/","name":"Login","isPartOf":{"@id":"https:\/\/businessprinzip.de\/#website"},"primaryImageOfPage":{"@id":"https:\/\/businessprinzip.de\/#primaryimage"},"image":{"@id":"https:\/\/businessprinzip.de\/#primaryimage"},"thumbnailUrl":"https:\/\/businessprinzip.de\/wp-content\/uploads\/2024\/03\/produkt-maximumprinzip.webp","datePublished":"2020-10-11T10:07:28+00:00","dateModified":"2024-03-19T16:59:01+00:00","breadcrumb":{"@id":"https:\/\/businessprinzip.de\/#breadcrumb"},"inLanguage":"en-US","potentialAction":[{"@type":"ReadAction","target":["https:\/\/businessprinzip.de\/"]}]},{"@type":"ImageObject","inLanguage":"en-US","@id":"https:\/\/businessprinzip.de\/#primaryimage","url":"https:\/\/businessprinzip.de\/wp-content\/uploads\/2024\/03\/produkt-maximumprinzip.webp","contentUrl":"https:\/\/businessprinzip.de\/wp-content\/uploads\/2024\/03\/produkt-maximumprinzip.webp"},{"@type":"BreadcrumbList","@id":"https:\/\/businessprinzip.de\/#breadcrumb","itemListElement":[{"@type":"ListItem","position":1,"name":"Home","item":"https:\/\/businessprinzip.de\/"},{"@type":"ListItem","position":2,"name":"Login"}]},{"@type":"WebSite","@id":"https:\/\/businessprinzip.de\/#website","url":"https:\/\/businessprinzip.de\/","name":"BUSINESSPRINCIPLE","description":"by Coach Cecil","potentialAction":[{"@type":"SearchAction","target":{"@type":"EntryPoint","urlTemplate":"https:\/\/businessprinzip.de\/?s={search_term_string}"},"query-input":{"@type":"PropertyValueSpecification","valueRequired":true,"valueName":"search_term_string"}}],"inLanguage":"en-US"}]}},"_links":{"self":[{"href":"https:\/\/businessprinzip.de\/en\/wp-json\/wp\/v2\/pages\/34","targetHints":{"allow":["GET"]}}],"collection":[{"href":"https:\/\/businessprinzip.de\/en\/wp-json\/wp\/v2\/pages"}],"about":[{"href":"https:\/\/businessprinzip.de\/en\/wp-json\/wp\/v2\/types\/page"}],"author":[{"embeddable":true,"href":"https:\/\/businessprinzip.de\/en\/wp-json\/wp\/v2\/users\/1"}],"replies":[{"embeddable":true,"href":"https:\/\/businessprinzip.de\/en\/wp-json\/wp\/v2\/comments?post=34"}],"version-history":[{"count":49,"href":"https:\/\/businessprinzip.de\/en\/wp-json\/wp\/v2\/pages\/34\/revisions"}],"predecessor-version":[{"id":8034,"href":"https:\/\/businessprinzip.de\/en\/wp-json\/wp\/v2\/pages\/34\/revisions\/8034"}],"wp:attachment":[{"href":"https:\/\/businessprinzip.de\/en\/wp-json\/wp\/v2\/media?parent=34"}],"wp:term":[{"taxonomy":"folder","embeddable":true,"href":"https:\/\/businessprinzip.de\/en\/wp-json\/wp\/v2\/folder?post=34"}],"curies":[{"name":"wp","href":"https:\/\/api.w.org\/{rel}","templated":true}]}}